{"id":6084,"date":"2019-11-20T13:13:48","date_gmt":"2019-11-20T10:13:48","guid":{"rendered":"http:\/\/mustafabeybitkisel.com\/?page_id=6084"},"modified":"2020-01-31T09:29:25","modified_gmt":"2020-01-31T06:29:25","slug":"iletisim","status":"publish","type":"page","link":"https:\/\/mustafabeybitkisel.com\/ru\/iletisim\/","title":{"rendered":"\u0441\u0432\u044f\u0437\u044c"},"content":{"rendered":"[vc_row type=&#187;full_width_content&#187; full_screen_row_position=&#187;middle&#187; column_margin=&#187;default&#187; scene_position=&#187;center&#187; text_color=&#187;dark&#187; text_align=&#187;left&#187; overlay_strength=&#187;0.3&#8243; shape_divider_position=&#187;bottom&#187; bg_image_animation=&#187;none&#187;][vc_column column_padding=&#187;no-extra-padding&#187; column_padding_position=&#187;all&#187; background_color_opacity=&#187;1&#8243; background_hover_color_opacity=&#187;1&#8243; column_link_target=&#187;_self&#187; column_shadow=&#187;none&#187; column_border_radius=&#187;none&#187; width=&#187;1\/1&#8243; tablet_width_inherit=&#187;default&#187; tablet_text_alignment=&#187;default&#187; phone_text_alignment=&#187;default&#187; overlay_strength=&#187;0.3&#8243; column_border_width=&#187;none&#187; column_border_style=&#187;solid&#187; bg_image_animation=&#187;none&#187;][vc_column_text]<iframe loading=\"lazy\" style=\"border: 0;\" src=\"https:\/\/www.google.com\/maps\/embed?pb=!1m18!1m12!1m3!1d3192.2474269349455!2d34.62629731560481!3d36.860495979936246!2m3!1f0!2f0!3f0!3m2!1i1024!2i768!4f13.1!3m3!1m2!1s0x0%3A0x0!2zMzbCsDUxJzM3LjgiTiAzNMKwMzcnNDIuNiJF!5e0!3m2!1str!2str!4v1574338737345!5m2!1str!2str\" width=\"1900\" height=\"450\" frameborder=\"0\" allowfullscreen=\"allowfullscreen\"><\/iframe>[\/vc_column_text][\/vc_column][\/vc_row][vc_row type=&#187;in_container&#187; full_screen_row_position=&#187;middle&#187; column_margin=&#187;default&#187; scene_position=&#187;center&#187; text_color=&#187;dark&#187; text_align=&#187;left&#187; overlay_strength=&#187;0.3&#8243; shape_divider_position=&#187;bottom&#187; bg_image_animation=&#187;none&#187;][vc_column column_padding=&#187;no-extra-padding&#187; column_padding_position=&#187;all&#187; background_color_opacity=&#187;1&#8243; background_hover_color_opacity=&#187;1&#8243; column_link_target=&#187;_self&#187; column_shadow=&#187;none&#187; column_border_radius=&#187;none&#187; width=&#187;2\/3&#8243; tablet_width_inherit=&#187;default&#187; tablet_text_alignment=&#187;default&#187; phone_text_alignment=&#187;default&#187; overlay_strength=&#187;0.3&#8243; column_border_width=&#187;none&#187; column_border_style=&#187;solid&#187; bg_image_animation=&#187;none&#187;][divider line_type=&#187;No Line&#187; custom_height=&#187;20&#8243;][vc_text_separator title=&#187;\u043a\u043e\u043d\u0442\u0430\u043a\u0442\u043d\u0430\u044f \u0444\u043e\u0440\u043c\u0430&#187;][divider line_type=&#187;No Line&#187; custom_height=&#187;20&#8243;]\n<div class=\"wpcf7 no-js\" id=\"wpcf7-f6298-o3\" lang=\"tr-TR\" dir=\"ltr\">\n<div class=\"screen-reader-response\"><p role=\"status\" aria-live=\"polite\" aria-atomic=\"true\"><\/p> <ul><\/ul><\/div>\n<form action=\"\/ru\/wp-json\/wp\/v2\/pages\/6084#wpcf7-f6298-o3\" method=\"post\" class=\"wpcf7-form init\" aria-label=\"Contact form\" novalidate=\"novalidate\" data-status=\"init\">\n<div style=\"display: none;\">\n<input type=\"hidden\" name=\"_wpcf7\" value=\"6298\" \/>\n<input type=\"hidden\" name=\"_wpcf7_version\" value=\"5.9\" \/>\n<input type=\"hidden\" name=\"_wpcf7_locale\" value=\"tr_TR\" \/>\n<input type=\"hidden\" name=\"_wpcf7_unit_tag\" value=\"wpcf7-f6298-o3\" \/>\n<input type=\"hidden\" name=\"_wpcf7_container_post\" value=\"0\" \/>\n<input type=\"hidden\" name=\"_wpcf7_posted_data_hash\" value=\"\" \/>\n<\/div>\n<p><label> \u0438\u043c\u044f (\u0442\u0440\u0435\u0431\u0443\u0435\u0442\u0441\u044f)<br \/>\n<span class=\"wpcf7-form-control-wrap\" data-name=\"your-name\"><input size=\"40\" class=\"wpcf7-form-control wpcf7-text wpcf7-validates-as-required\" aria-required=\"true\" aria-invalid=\"false\" value=\"\" type=\"text\" name=\"your-name\" \/><\/span> <\/label>\n<\/p>\n<p><label> \u042d\u043b. \u043f\u043e\u0447\u0442\u0430 (\u0442\u0440\u0435\u0431\u0443\u0435\u0442\u0441\u044f)<br \/>\n<span class=\"wpcf7-form-control-wrap\" data-name=\"your-email\"><input size=\"40\" class=\"wpcf7-form-control wpcf7-email wpcf7-validates-as-required wpcf7-text wpcf7-validates-as-email\" aria-required=\"true\" aria-invalid=\"false\" value=\"\" type=\"email\" name=\"your-email\" \/><\/span> <\/label>\n<\/p>\n<p><label> \u041f\u0440\u0435\u0434\u043c\u0435\u0442<br \/>\n<span class=\"wpcf7-form-control-wrap\" data-name=\"your-subject\"><input size=\"40\" class=\"wpcf7-form-control wpcf7-text\" aria-invalid=\"false\" value=\"\" type=\"text\" name=\"your-subject\" \/><\/span> <\/label>\n<\/p>\n<p><label> \u0441\u043e\u043e\u0431\u0449\u0435\u043d\u0438\u0435<br \/>\n<span class=\"wpcf7-form-control-wrap\" data-name=\"your-message\"><textarea cols=\"40\" rows=\"10\" class=\"wpcf7-form-control wpcf7-textarea\" aria-invalid=\"false\" name=\"your-message\"><\/textarea><\/span> <\/label>\n<\/p>\n<p><input class=\"wpcf7-form-control wpcf7-submit has-spinner\" type=\"submit\" value=\"\u0413\u043e\u043d\u0434\u0435\u0440\" \/>\n<\/p><div class=\"wpcf7-response-output\" aria-hidden=\"true\"><\/div>\n<\/form>\n<\/div>\n[\/vc_column][vc_column column_padding=&#187;no-extra-padding&#187; column_padding_position=&#187;all&#187; background_color_opacity=&#187;1&#8243; background_hover_color_opacity=&#187;1&#8243; column_link_target=&#187;_self&#187; column_shadow=&#187;none&#187; column_border_radius=&#187;none&#187; width=&#187;1\/3&#8243; tablet_width_inherit=&#187;default&#187; tablet_text_alignment=&#187;default&#187; phone_text_alignment=&#187;default&#187; overlay_strength=&#187;0.3&#8243; column_border_width=&#187;none&#187; column_border_style=&#187;solid&#187; bg_image_animation=&#187;none&#187;][divider line_type=&#187;No Line&#187; custom_height=&#187;20&#8243;][vc_text_separator title=&#187;\u041a\u043e\u043d\u0442\u0430\u043a\u0442\u043d\u0430\u044f \u0438\u043d\u0444\u043e\u0440\u043c\u0430\u0446\u0438\u044f&#187;][divider line_type=&#187;No Line&#187; custom_height=&#187;20&#8243;][vc_column_text]<strong>\u0430\u0434\u0440\u0435\u0441 :<\/strong> Arpa\u00e7sakarlar Mah. \u00c7ift\u00e7iler Cad. 69 B TOROSLAR \/ MERS\u0130N \/ T\u00dcRK\u0130YE<br \/>\n<strong>\u0442\u0435\u043b\u0435\u0444\u043e\u043d :<\/strong> +90 532 511 21 14<br \/>\n<strong>\u042d\u043b. \u043f\u043e\u0447\u0442\u0430 :<\/strong> info@mustafabeybitkisel.com[\/vc_column_text][image_with_animation image_url=&#187;6079&#8243; alignment=&#187;&#187; animation=&#187;Fade In&#187; hover_animation=&#187;none&#187; border_radius=&#187;none&#187; box_shadow=&#187;none&#187; image_loading=&#187;default&#187; max_width=&#187;100%&#187; max_width_mobile=&#187;default&#187;]<div class=\"col span_6\" data-animation=\"\" data-delay=\"0\">[vc_column_text][\/vc_column_text]<\/div><div class=\"col span_6 col_last\" data-animation=\"\" data-delay=\"0\">[vc_column_text][\/vc_column_text]<\/div><div class=\"clear\"><\/div>[\/vc_column][\/vc_row]","protected":false},"excerpt":{"rendered":"<p>[vc_row type=&#187;full_width_content&#187; full_screen_row_position=&#187;middle&#187; column_margin=&#187;default&#187; scene_position=&#187;center&#187; text_color=&#187;dark&#187; text_align=&#187;left&#187; overlay_strength=&#187;0.3&#8243; shape_divider_position=&#187;bottom&#187; bg_image_animation=&#187;none&#187;][vc_column column_padding=&#187;no-extra-padding&#187; column_padding_position=&#187;all&#187; background_color_opacity=&#187;1&#8243; background_hover_color_opacity=&#187;1&#8243; column_link_target=&#187;_self&#187; column_shadow=&#187;none&#187; column_border_radius=&#187;none&#187; width=&#187;1\/1&#8243; tablet_width_inherit=&#187;default&#187; tablet_text_alignment=&#187;default&#187; phone_text_alignment=&#187;default&#187; overlay_strength=&#187;0.3&#8243; column_border_width=&#187;none&#187; column_border_style=&#187;solid&#187; bg_image_animation=&#187;none&#187;][vc_column_text][\/vc_column_text][\/vc_column][\/vc_row][vc_row type=&#187;in_container&#187; full_screen_row_position=&#187;middle&#187; column_margin=&#187;default&#187; scene_position=&#187;center&#187; text_color=&#187;dark&#187;&#8230;<\/p>\n","protected":false},"author":1,"featured_media":0,"parent":0,"menu_order":0,"comment_status":"closed","ping_status":"closed","template":"","meta":{"footnotes":""},"_links":{"self":[{"href":"https:\/\/mustafabeybitkisel.com\/ru\/wp-json\/wp\/v2\/pages\/6084"}],"collection":[{"href":"https:\/\/mustafabeybitkisel.com\/ru\/wp-json\/wp\/v2\/pages"}],"about":[{"href":"https:\/\/mustafabeybitkisel.com\/ru\/wp-json\/wp\/v2\/types\/page"}],"author":[{"embeddable":true,"href":"https:\/\/mustafabeybitkisel.com\/ru\/wp-json\/wp\/v2\/users\/1"}],"replies":[{"embeddable":true,"href":"https:\/\/mustafabeybitkisel.com\/ru\/wp-json\/wp\/v2\/comments?post=6084"}],"version-history":[{"count":5,"href":"https:\/\/mustafabeybitkisel.com\/ru\/wp-json\/wp\/v2\/pages\/6084\/revisions"}],"predecessor-version":[{"id":6299,"href":"https:\/\/mustafabeybitkisel.com\/ru\/wp-json\/wp\/v2\/pages\/6084\/revisions\/6299"}],"wp:attachment":[{"href":"https:\/\/mustafabeybitkisel.com\/ru\/wp-json\/wp\/v2\/media?parent=6084"}],"curies":[{"name":"wp","href":"https:\/\/api.w.org\/{rel}","templated":true}]}}